{"id":5461,"date":"2020-05-22T09:51:45","date_gmt":"2020-05-22T07:51:45","guid":{"rendered":"https:\/\/mybem.de\/bem-software\/?page_id=5461"},"modified":"2020-06-05T16:39:11","modified_gmt":"2020-06-05T14:39:11","slug":"meet-mybem-de-auftragsverarbeitung","status":"publish","type":"page","link":"https:\/\/mybem.de\/bem-software\/meet-mybem-de-auftragsverarbeitung\/","title":{"rendered":"ITSD Meet Auftragsverarbeitungsvertrag"},"content":{"rendered":"<section class=\"av_textblock_section \"  itemscope=\"itemscope\" itemtype=\"https:\/\/schema.org\/CreativeWork\" ><div class='avia_textblock  '   itemprop=\"text\" ><h2>Auftragsdatenverarbeitung<\/h2>\n<h3>Warum einen Auftragsdatenverarbeitungsvertrag abschlie\u00dfen?<\/h3>\n<p>Wenn Sie in einem IT-System, einer Firma oder einer Cloud-L\u00f6sung personenbezogene Daten erheben, verarbeiten oder nutzen, m\u00fcssen Sie diesen Vertragspartnern nachweisen k\u00f6nnen, dass alle Vorgaben der DSGVO erf\u00fcllt sind und wie mit den pers\u00f6nlichen Daten umgegangen wird. Zu diesem Zweck sollten Sie bei Nutzung des Videokonferenzsystems ITSD Meet einen Auftragsdatenverarbeitungsvertrag mit uns abschlie\u00dfen.<\/p>\n<h3>Wie einen Auftragsdatenverarbeitungsvertrag mit ITSD abschlie\u00dfen?<\/h3>\n<p>F\u00fcr den Abschluss eines AV-Vertrages mit ITSD Consulting ben\u00f6tigen wir nur ein paar Infos von Ihnen. Sie k\u00f6nnen \u00fcber das <a href=\"https:\/\/meet.itsd-consulting.de\/kontakt\">Kontaktformular<\/a> die notwendigen Daten eintragen und wir senden Ihnen dann den auf Basis dieser Daten vorausgef\u00fcllten AV-Vertrag zu.<\/p>\n<h3>Wer ist die ITSD Consulting GmbH?<\/h3>\n<p>Hinter ITSD Meet steckt die ITSD Consulting GmbH, ein mittelst\u00e4ndisches IT-Unternehmen mit Sitz in B\u00fcckeburg und B\u00fcnde. Als Anbieter einer IT-L\u00f6sung f\u00fcr das Betriebliche Eingliederungsmanagement, das f\u00fcr mehrere hunderttausend Mitarbeiter in ganz Deutschland zum Einsatz kommt, wissen wir um die Sensibilit\u00e4t pers\u00f6nlicher Daten und nehmen Datenschutz sehr ernst. ITSD Meet wird auf einem BSI-zertifizierten Server in Deutschland betrieben und erf\u00fcllt s\u00e4mtliche Anforderungen der DSGVO.<\/p>\n<p>Sollten Sie noch Fragen zu ITSD Meet oder unserem AV-Vertrag haben, erreichen Sie uns zu den \u00fcblichen Gesch\u00e4ftszeiten unter +49 5722 288 99-0 oder <a href=\"mail&#116;&#111;&#58;&#109;&#101;&#101;&#116;&#x40;&#x69;&#x74;&#x73;&#x64;&#x2d;&#x63;&#x6f;&#x6e;sult&#105;&#110;&#103;&#46;&#100;&#101;\">&#109;&#x65;e&#x74;&#x40;&#105;&#x74;s&#100;&#x2d;&#99;&#x6f;n&#115;&#x75;l&#x74;i&#110;&#x67;&#46;&#x64;&#x65;<\/a>.<\/p>\n<\/div><\/section>\n","protected":false},"excerpt":{"rendered":"","protected":false},"author":2,"featured_media":0,"parent":0,"menu_order":0,"comment_status":"closed","ping_status":"closed","template":"","meta":[],"yoast_head":"<!-- This site is optimized with the Yoast SEO plugin v19.7.1 - https:\/\/yoast.com\/wordpress\/plugins\/seo\/ -->\n<title>ITSD Meet Auftragsverarbeitungsvertrag - BEM-ExpertenSystem<\/title>\n<meta name=\"robots\" content=\"index, follow, max-snippet:-1, max-image-preview:large, max-video-preview:-1\" \/>\n<link rel=\"canonical\" href=\"https:\/\/mybem.de\/bem-software\/meet-mybem-de-auftragsverarbeitung\/\" \/>\n<meta property=\"og:locale\" content=\"de_DE\" \/>\n<meta property=\"og:type\" content=\"article\" \/>\n<meta property=\"og:title\" content=\"ITSD Meet Auftragsverarbeitungsvertrag - BEM-ExpertenSystem\" \/>\n<meta property=\"og:url\" content=\"https:\/\/mybem.de\/bem-software\/meet-mybem-de-auftragsverarbeitung\/\" \/>\n<meta property=\"og:site_name\" content=\"BEM-ExpertenSystem\" \/>\n<meta property=\"article:modified_time\" content=\"2020-06-05T14:39:11+00:00\" \/>\n<meta name=\"twitter:card\" content=\"summary\" \/>\n<meta name=\"twitter:label1\" content=\"Gesch\u00e4tzte Lesezeit\" \/>\n\t<meta name=\"twitter:data1\" content=\"1\u00a0Minute\" \/>\n<script type=\"application\/ld+json\" class=\"yoast-schema-graph\">{\"@context\":\"https:\/\/schema.org\",\"@graph\":[{\"@type\":\"WebPage\",\"@id\":\"https:\/\/mybem.de\/bem-software\/meet-mybem-de-auftragsverarbeitung\/\",\"url\":\"https:\/\/mybem.de\/bem-software\/meet-mybem-de-auftragsverarbeitung\/\",\"name\":\"ITSD Meet Auftragsverarbeitungsvertrag - BEM-ExpertenSystem\",\"isPartOf\":{\"@id\":\"https:\/\/mybem.de\/bem-software\/#website\"},\"datePublished\":\"2020-05-22T07:51:45+00:00\",\"dateModified\":\"2020-06-05T14:39:11+00:00\",\"breadcrumb\":{\"@id\":\"https:\/\/mybem.de\/bem-software\/meet-mybem-de-auftragsverarbeitung\/#breadcrumb\"},\"inLanguage\":\"de\",\"potentialAction\":[{\"@type\":\"ReadAction\",\"target\":[\"https:\/\/mybem.de\/bem-software\/meet-mybem-de-auftragsverarbeitung\/\"]}]},{\"@type\":\"BreadcrumbList\",\"@id\":\"https:\/\/mybem.de\/bem-software\/meet-mybem-de-auftragsverarbeitung\/#breadcrumb\",\"itemListElement\":[{\"@type\":\"ListItem\",\"position\":1,\"name\":\"Home\",\"item\":\"https:\/\/mybem.de\/bem-software\/\"},{\"@type\":\"ListItem\",\"position\":2,\"name\":\"ITSD Meet Auftragsverarbeitungsvertrag\"}]},{\"@type\":\"WebSite\",\"@id\":\"https:\/\/mybem.de\/bem-software\/#website\",\"url\":\"https:\/\/mybem.de\/bem-software\/\",\"name\":\"BEM-ExpertenSystem\",\"description\":\"Die IT-L\u00f6sung f\u00fcr Ihr Betriebliches Eingliederungsmanagement\",\"potentialAction\":[{\"@type\":\"SearchAction\",\"target\":{\"@type\":\"EntryPoint\",\"urlTemplate\":\"https:\/\/mybem.de\/bem-software\/?s={search_term_string}\"},\"query-input\":\"required name=search_term_string\"}],\"inLanguage\":\"de\"}]}<\/script>\n<!-- \/ Yoast SEO plugin. -->","yoast_head_json":{"title":"ITSD Meet Auftragsverarbeitungsvertrag - BEM-ExpertenSystem","robots":{"index":"index","follow":"follow","max-snippet":"max-snippet:-1","max-image-preview":"max-image-preview:large","max-video-preview":"max-video-preview:-1"},"canonical":"https:\/\/mybem.de\/bem-software\/meet-mybem-de-auftragsverarbeitung\/","og_locale":"de_DE","og_type":"article","og_title":"ITSD Meet Auftragsverarbeitungsvertrag - BEM-ExpertenSystem","og_url":"https:\/\/mybem.de\/bem-software\/meet-mybem-de-auftragsverarbeitung\/","og_site_name":"BEM-ExpertenSystem","article_modified_time":"2020-06-05T14:39:11+00:00","twitter_card":"summary","twitter_misc":{"Gesch\u00e4tzte Lesezeit":"1\u00a0Minute"},"schema":{"@context":"https:\/\/schema.org","@graph":[{"@type":"WebPage","@id":"https:\/\/mybem.de\/bem-software\/meet-mybem-de-auftragsverarbeitung\/","url":"https:\/\/mybem.de\/bem-software\/meet-mybem-de-auftragsverarbeitung\/","name":"ITSD Meet Auftragsverarbeitungsvertrag - BEM-ExpertenSystem","isPartOf":{"@id":"https:\/\/mybem.de\/bem-software\/#website"},"datePublished":"2020-05-22T07:51:45+00:00","dateModified":"2020-06-05T14:39:11+00:00","breadcrumb":{"@id":"https:\/\/mybem.de\/bem-software\/meet-mybem-de-auftragsverarbeitung\/#breadcrumb"},"inLanguage":"de","potentialAction":[{"@type":"ReadAction","target":["https:\/\/mybem.de\/bem-software\/meet-mybem-de-auftragsverarbeitung\/"]}]},{"@type":"BreadcrumbList","@id":"https:\/\/mybem.de\/bem-software\/meet-mybem-de-auftragsverarbeitung\/#breadcrumb","itemListElement":[{"@type":"ListItem","position":1,"name":"Home","item":"https:\/\/mybem.de\/bem-software\/"},{"@type":"ListItem","position":2,"name":"ITSD Meet Auftragsverarbeitungsvertrag"}]},{"@type":"WebSite","@id":"https:\/\/mybem.de\/bem-software\/#website","url":"https:\/\/mybem.de\/bem-software\/","name":"BEM-ExpertenSystem","description":"Die IT-L\u00f6sung f\u00fcr Ihr Betriebliches Eingliederungsmanagement","potentialAction":[{"@type":"SearchAction","target":{"@type":"EntryPoint","urlTemplate":"https:\/\/mybem.de\/bem-software\/?s={search_term_string}"},"query-input":"required name=search_term_string"}],"inLanguage":"de"}]}},"_links":{"self":[{"href":"https:\/\/mybem.de\/bem-software\/wp-json\/wp\/v2\/pages\/5461"}],"collection":[{"href":"https:\/\/mybem.de\/bem-software\/wp-json\/wp\/v2\/pages"}],"about":[{"href":"https:\/\/mybem.de\/bem-software\/wp-json\/wp\/v2\/types\/page"}],"author":[{"embeddable":true,"href":"https:\/\/mybem.de\/bem-software\/wp-json\/wp\/v2\/users\/2"}],"replies":[{"embeddable":true,"href":"https:\/\/mybem.de\/bem-software\/wp-json\/wp\/v2\/comments?post=5461"}],"version-history":[{"count":5,"href":"https:\/\/mybem.de\/bem-software\/wp-json\/wp\/v2\/pages\/5461\/revisions"}],"predecessor-version":[{"id":5522,"href":"https:\/\/mybem.de\/bem-software\/wp-json\/wp\/v2\/pages\/5461\/revisions\/5522"}],"wp:attachment":[{"href":"https:\/\/mybem.de\/bem-software\/wp-json\/wp\/v2\/media?parent=5461"}],"curies":[{"name":"wp","href":"https:\/\/api.w.org\/{rel}","templated":true}]}}