{"id":3308,"date":"2015-07-22T11:25:01","date_gmt":"2015-07-22T09:25:01","guid":{"rendered":"http:\/\/mybem.de\/?page_id=3308"},"modified":"2020-05-05T09:48:52","modified_gmt":"2020-05-05T07:48:52","slug":"funktionen","status":"publish","type":"page","link":"https:\/\/mybem.de\/bem-software\/funktionen\/","title":{"rendered":"Funktionen"},"content":{"rendered":"<div id='av_section_1'  class='avia-section av-12yxopo-0748682f94b5e13b3205e332ddf35a38 main_color avia-section-default avia-no-border-styling  avia-builder-el-0  el_before_av_section  avia-builder-el-first  avia-bg-style-scroll  container_wrap fullsize'  ><div class='container av-section-cont-open' ><main  role=\"main\" itemprop=\"mainContentOfPage\"  class='template-page content  av-content-full alpha units'><div class='post-entry post-entry-type-page post-entry-3308'><div class='entry-content-wrapper clearfix'>\n\n<style type=\"text\/css\" data-created_by=\"avia_inline_auto\" id=\"style-css-av-110b8xo-c57381bba32e6ca14fa2646a18181a34\">\n.flex_column.av-110b8xo-c57381bba32e6ca14fa2646a18181a34{\nborder-radius:0px 0px 0px 0px;\n-webkit-border-radius:0px 0px 0px 0px;\n-moz-border-radius:0px 0px 0px 0px;\n}\n<\/style>\n<div class='flex_column av-110b8xo-c57381bba32e6ca14fa2646a18181a34 av_one_fifth  avia-builder-el-1  el_before_av_three_fifth  avia-builder-el-first  first flex_column_div av-zero-column-padding '   ><\/div>\n<style type=\"text\/css\" data-created_by=\"avia_inline_auto\" id=\"style-css-av-zipdmk-1084c7a365ee726b520bb7a9838f881a\">\n.flex_column.av-zipdmk-1084c7a365ee726b520bb7a9838f881a{\nborder-radius:0px 0px 0px 0px;\n-webkit-border-radius:0px 0px 0px 0px;\n-moz-border-radius:0px 0px 0px 0px;\n}\n<\/style>\n<div class='flex_column av-zipdmk-1084c7a365ee726b520bb7a9838f881a av_three_fifth  avia-builder-el-2  el_after_av_one_fifth  el_before_av_one_fifth  flex_column_div av-zero-column-padding '   ><p>\n<style type=\"text\/css\" data-created_by=\"avia_inline_auto\" id=\"style-css-av-av_heading-b266e08857eba5bf7501db5596525376\">\n#top .av-special-heading.av-av_heading-b266e08857eba5bf7501db5596525376{\npadding-bottom:30px;\n}\n.av-special-heading.av-av_heading-b266e08857eba5bf7501db5596525376 .av-subheading{\nfont-size:15px;\n}\n<\/style>\n<div  class='av-special-heading av-av_heading-b266e08857eba5bf7501db5596525376 av-special-heading-h1 blockquote modern-quote modern-centered  avia-builder-el-3  el_before_av_iconlist  avia-builder-el-first  '><h1 class='av-special-heading-tag '  itemprop=\"headline\"  >Alle Funktionen auf einen Blick<\/h1><div class='av-subheading av-subheading_below '><p>Profitieren Sie von dem gro\u00dfen Funktionsumfang der BEM-Software BEM-ExpertenSystem und lassen Sie es exakt an die Bed\u00fcrfnisse und Anforderungen Ihres Unternehmens anpassen.<\/p>\n<\/div><div class='special-heading-border'><div class='special-heading-inner-border'><\/div><\/div><\/div><br \/>\n\n<style type=\"text\/css\" data-created_by=\"avia_inline_auto\" id=\"style-css-av-wtw2y4-0e07dfbeebe20962dcbad73721c39d48\">\n#top .avia-icon-list-container.av-wtw2y4-0e07dfbeebe20962dcbad73721c39d48 .iconlist_icon{\ncolor:#1c663f;\nbackground-color:#ffffff;\nborder:1px solid #1c663f;\n}\n<\/style>\n<div  class='avia-icon-list-container av-wtw2y4-0e07dfbeebe20962dcbad73721c39d48  avia-builder-el-4  el_after_av_heading  avia-builder-el-last  '><ul class='avia-icon-list avia_animate_when_almost_visible avia-icon-list-left av-iconlist-big av-wtw2y4-0e07dfbeebe20962dcbad73721c39d48 avia-iconlist-animate'>\n<li><div class='iconlist_icon av-ufbnl8-7fe290561d0272151ed1a02c264dfc71 avia-font-entypo-fontello'><span class='iconlist-char ' aria-hidden='true' data-av_icon='\ue862' data-av_iconfont='entypo-fontello'><\/span><\/div><article class=\"article-icon-entry \"  itemscope=\"itemscope\" itemtype=\"https:\/\/schema.org\/CreativeWork\" ><div class='iconlist_content_wrap'><header class=\"entry-content-header\"><h4 class='av_iconlist_title iconlist_title   '  itemprop=\"headline\" >Stichtagsgenaue Fehlzeitenermittlung<\/h4><\/header><div class='iconlist_content  '  itemprop=\"text\" ><p>Stichtagsgenaue Ermittlung aller potenziell BEM-Anspruchsberechtigten in Abh\u00e4ngigkeit von den Fehlzeiten.<\/p>\n<\/div><\/div><footer class=\"entry-footer\"><\/footer><\/article><div class='iconlist-timeline'><\/div><\/li>\n<li><div class='iconlist_icon av-2vmzto-5e8ab5ce0671084a2b0a2c8673724829 avia-font-entypo-fontello'><span class='iconlist-char ' aria-hidden='true' data-av_icon='\ue824' data-av_iconfont='entypo-fontello'><\/span><\/div><article class=\"article-icon-entry \"  itemscope=\"itemscope\" itemtype=\"https:\/\/schema.org\/CreativeWork\" ><div class='iconlist_content_wrap'><header class=\"entry-content-header\"><h4 class='av_iconlist_title iconlist_title   '  itemprop=\"headline\" >Verschl\u00fcsselung<\/h4><\/header><div class='iconlist_content  '  itemprop=\"text\" ><p>Sichere Verschl\u00fcsselung aller personenbezogenen Daten, Dokumente und Notizen in der BEM Datenbank.<\/p>\n<\/div><\/div><footer class=\"entry-footer\"><\/footer><\/article><div class='iconlist-timeline'><\/div><\/li>\n<li><div class='iconlist_icon av-rqzah8-69f212dfba4372efa34d6910a4bc12c3 avia-font-fontello'><span class='iconlist-char ' aria-hidden='true' data-av_icon='\ue86c' data-av_iconfont='fontello'><\/span><\/div><article class=\"article-icon-entry \"  itemscope=\"itemscope\" itemtype=\"https:\/\/schema.org\/CreativeWork\" ><div class='iconlist_content_wrap'><header class=\"entry-content-header\"><h4 class='av_iconlist_title iconlist_title   '  itemprop=\"headline\" >Automatisierte Dokumentenerstellung<\/h4><\/header><div class='iconlist_content  '  itemprop=\"text\" ><p>Automatische Erstellung von unternehmenskonformen vorausgef\u00fcllten Schreiben, Formularen und Gespr\u00e4chsprotokollen. Art und Inhalt der Schreiben k\u00f6nnen initial\u00a0frei definiert und konfiguriert werden.<\/p>\n<\/div><\/div><footer class=\"entry-footer\"><\/footer><\/article><div class='iconlist-timeline'><\/div><\/li>\n<li><div class='iconlist_icon av-po7w1o-baa22249c72dc204526e271cf64099ac avia-font-entypo-fontello'><span class='iconlist-char ' aria-hidden='true' data-av_icon='\ue80b' data-av_iconfont='entypo-fontello'><\/span><\/div><article class=\"article-icon-entry \"  itemscope=\"itemscope\" itemtype=\"https:\/\/schema.org\/CreativeWork\" ><div class='iconlist_content_wrap'><header class=\"entry-content-header\"><h4 class='av_iconlist_title iconlist_title   '  itemprop=\"headline\" >Granulares Berechtigungssystem<\/h4><\/header><div class='iconlist_content  '  itemprop=\"text\" ><p>Detailliert\u00a0konfigurierbares Berechtigungssystem zur ma\u00dfgeschneiderten Vergabe von Berechtigungen in Abh\u00e4ngigkeit von Benutzerrollen.<\/p>\n<\/div><\/div><footer class=\"entry-footer\"><\/footer><\/article><div class='iconlist-timeline'><\/div><\/li>\n<li><div class='iconlist_icon av-nq08oc-f57136139b18ac3dfafff9baaf60d409 avia-font-entypo-fontello'><span class='iconlist-char ' aria-hidden='true' data-av_icon='\ue896' data-av_iconfont='entypo-fontello'><\/span><\/div><article class=\"article-icon-entry \"  itemscope=\"itemscope\" itemtype=\"https:\/\/schema.org\/CreativeWork\" ><div class='iconlist_content_wrap'><header class=\"entry-content-header\"><h4 class='av_iconlist_title iconlist_title   '  itemprop=\"headline\" >Anbindung an HR-System<\/h4><\/header><div class='iconlist_content  '  itemprop=\"text\" ><p>Import der Mitarbeiterstammdaten und Fehlzeiten aus unterschiedlichen HR-Systemen (z.B. SAP, ePeople, P&#038;I Loga, KIDICAP etc.).<\/p>\n<\/div><\/div><footer class=\"entry-footer\"><\/footer><\/article><div class='iconlist-timeline'><\/div><\/li>\n<li><div class='iconlist_icon av-m4xmmk-f48e1dfed1d588b2c62e1eebb7e6e113 avia-font-entypo-fontello'><span class='iconlist-char ' aria-hidden='true' data-av_icon='\ue85b' data-av_iconfont='entypo-fontello'><\/span><\/div><article class=\"article-icon-entry \"  itemscope=\"itemscope\" itemtype=\"https:\/\/schema.org\/CreativeWork\" ><div class='iconlist_content_wrap'><header class=\"entry-content-header\"><h4 class='av_iconlist_title iconlist_title   '  itemprop=\"headline\" >Termin- und Aufgabenplanung<\/h4><\/header><div class='iconlist_content  '  itemprop=\"text\" ><p>Weitreichende\u00a0Termin- und Aufgabenplanungsfunktionen mit aktivierbarer Erinnerungsfunktion und \u00fcbersichtlicher Darstellung aller Aufgaben und Termine. Erm\u00f6glicht auch\u00a0Termine mit mehreren Beteiligten.<\/p>\n<\/div><\/div><footer class=\"entry-footer\"><\/footer><\/article><div class='iconlist-timeline'><\/div><\/li>\n<li><div class='iconlist_icon av-av_iconlist_item-0452dada825d2ccccbba935a76ceafa5 avia-font-entypo-fontello'><span class='iconlist-char ' aria-hidden='true' data-av_icon='\ue8ab' data-av_iconfont='entypo-fontello'><\/span><\/div><article class=\"article-icon-entry \"  itemscope=\"itemscope\" itemtype=\"https:\/\/schema.org\/CreativeWork\" ><div class='iconlist_content_wrap'><header class=\"entry-content-header\"><h4 class='av_iconlist_title iconlist_title   '  itemprop=\"headline\" >Videokonferenz-Option<\/h4><\/header><div class='iconlist_content  '  itemprop=\"text\" ><p>Das integrierte Webkonferenz-Tool erm\u00f6glicht die datenschutzkonforme Durchf\u00fchrung von BEM-Gespr\u00e4chen ohne Vor-Ort-Pr\u00e4senz der Beteiligten.<\/p>\n<\/div><\/div><footer class=\"entry-footer\"><\/footer><\/article><div class='iconlist-timeline'><\/div><\/li>\n<li><div class='iconlist_icon av-2068i4-29234f4329d5845c41b41e57149691e1 avia-font-fontello'><span class='iconlist-char ' aria-hidden='true' data-av_icon='\ue90e' data-av_iconfont='fontello'><\/span><\/div><article class=\"article-icon-entry \"  itemscope=\"itemscope\" itemtype=\"https:\/\/schema.org\/CreativeWork\" ><div class='iconlist_content_wrap'><header class=\"entry-content-header\"><h4 class='av_iconlist_title iconlist_title   '  itemprop=\"headline\" >Ma\u00dfnahmenplanung<\/h4><\/header><div class='iconlist_content  '  itemprop=\"text\" ><p>Hinterlegung von zu\u00a0einem BEM-Fall geplanten Ma\u00dfnahmen mit Angabe von Verantwortlichen, Zielterminen und aktuellem Status zur Ma\u00dfnahmen\u00fcberwachung.<\/p>\n<\/div><\/div><footer class=\"entry-footer\"><\/footer><\/article><div class='iconlist-timeline'><\/div><\/li>\n<li><div class='iconlist_icon av-jer8z0-8e20dc7f94a2d1d93b01dc19ac42aae2 avia-font-fontello'><span class='iconlist-char ' aria-hidden='true' data-av_icon='\ue92a' data-av_iconfont='fontello'><\/span><\/div><article class=\"article-icon-entry \"  itemscope=\"itemscope\" itemtype=\"https:\/\/schema.org\/CreativeWork\" ><div class='iconlist_content_wrap'><header class=\"entry-content-header\"><h4 class='av_iconlist_title iconlist_title   '  itemprop=\"headline\" >Flexible Auswertungen<\/h4><\/header><div class='iconlist_content  '  itemprop=\"text\" ><p>Auswertungen zur Darstellung aller BEM-F\u00e4lle oder deren Eigenschaften in einem bestimmten Zeitraum. Alle Auswertungen k\u00f6nnen flexibel an Ihre individuellen Bed\u00fcrfnisse angepasst werden.<\/p>\n<\/div><\/div><footer class=\"entry-footer\"><\/footer><\/article><div class='iconlist-timeline'><\/div><\/li>\n<li><div class='iconlist_icon av-34ccos-0b89cdb38f7c4563271850f19fd8e2c5 avia-font-entypo-fontello'><span class='iconlist-char ' aria-hidden='true' data-av_icon='\ue805' data-av_iconfont='entypo-fontello'><\/span><\/div><article class=\"article-icon-entry \"  itemscope=\"itemscope\" itemtype=\"https:\/\/schema.org\/CreativeWork\" ><div class='iconlist_content_wrap'><header class=\"entry-content-header\"><h4 class='av_iconlist_title iconlist_title   '  itemprop=\"headline\" >Outlook- & E-Mail Integration<\/h4><\/header><div class='iconlist_content  '  itemprop=\"text\" ><p>Die Outlook-Kalendersynchronisation erm\u00f6glicht die Verwaltung des BEM-Kalenders direkt in Outlook. Die E-Mail-Kommunikation zwischen den BEM-Beauftragen und dem Anspruchsberechtigten wird in der BEM-Akte abgelegt.<\/p>\n<\/div><\/div><footer class=\"entry-footer\"><\/footer><\/article><div class='iconlist-timeline'><\/div><\/li>\n<li><div class='iconlist_icon av-fktbto-d8e62aaf0aa75fc4cc4bc122e1cf04b3 avia-font-fontello'><span class='iconlist-char ' aria-hidden='true' data-av_icon='\ue871' data-av_iconfont='fontello'><\/span><\/div><article class=\"article-icon-entry \"  itemscope=\"itemscope\" itemtype=\"https:\/\/schema.org\/CreativeWork\" ><div class='iconlist_content_wrap'><header class=\"entry-content-header\"><h4 class='av_iconlist_title iconlist_title   '  itemprop=\"headline\" >Serienbrief-Funktion<\/h4><\/header><div class='iconlist_content  '  itemprop=\"text\" ><p>Export der BEM-Fall-Stammdaten zur Verwendung f\u00fcr\u00a0Serienbriefe in externen Programmen (z.B. MS Word).<\/p>\n<\/div><\/div><footer class=\"entry-footer\"><\/footer><\/article><div class='iconlist-timeline'><\/div><\/li>\n<li><div class='iconlist_icon av-dzuknw-a4b02d54c45b7c09f5058e1100e2e422 avia-font-entypo-fontello'><span class='iconlist-char ' aria-hidden='true' data-av_icon='\ue855' data-av_iconfont='entypo-fontello'><\/span><\/div><article class=\"article-icon-entry \"  itemscope=\"itemscope\" itemtype=\"https:\/\/schema.org\/CreativeWork\" ><div class='iconlist_content_wrap'><header class=\"entry-content-header\"><h4 class='av_iconlist_title iconlist_title   '  itemprop=\"headline\" >Betrieb \/ Hosting<\/h4><\/header><div class='iconlist_content  '  itemprop=\"text\" ><p>Hosten\u00a0Sie Ihr\u00a0BEM-ExpertenSystem\u00a0selbst oder lassen Sie es von uns in einem BSI-zertifizierten Rechenzentrum betreiben.<\/p>\n<\/div><\/div><footer class=\"entry-footer\"><\/footer><\/article><div class='iconlist-timeline'><\/div><\/li>\n<\/ul><\/div><\/p><\/div>\n<style type=\"text\/css\" data-created_by=\"avia_inline_auto\" id=\"style-css-av-c6ybq4-84d162f3e1fc0eb2f6f13769b48d7ecf\">\n.flex_column.av-c6ybq4-84d162f3e1fc0eb2f6f13769b48d7ecf{\nborder-radius:0px 0px 0px 0px;\n-webkit-border-radius:0px 0px 0px 0px;\n-moz-border-radius:0px 0px 0px 0px;\n}\n<\/style>\n<div class='flex_column av-c6ybq4-84d162f3e1fc0eb2f6f13769b48d7ecf av_one_fifth  avia-builder-el-5  el_after_av_three_fifth  avia-builder-el-last  flex_column_div av-zero-column-padding '   ><\/div><\/div><\/div><\/main><!-- close content main element --><\/div><\/div><div id='av_section_2'  class='avia-section av-b595p8-e3f837d205917d6ccbc3dcbdc859a835 alternate_color avia-section-default avia-no-border-styling  avia-builder-el-6  el_after_av_section  avia-builder-el-last  avia-bg-style-scroll  container_wrap fullsize'  ><div class='container av-section-cont-open' ><div class='template-page content  av-content-full alpha units'><div class='post-entry post-entry-type-page post-entry-3308'><div class='entry-content-wrapper clearfix'>\n\n<style type=\"text\/css\" data-created_by=\"avia_inline_auto\" id=\"style-css-av-xlci4-d3100e5600cb3be7374c184f4336f093\">\n.flex_column.av-xlci4-d3100e5600cb3be7374c184f4336f093{\nborder-radius:0px 0px 0px 0px;\n-webkit-border-radius:0px 0px 0px 0px;\n-moz-border-radius:0px 0px 0px 0px;\n}\n<\/style>\n<div class='flex_column av-xlci4-d3100e5600cb3be7374c184f4336f093 av_one_fifth  avia-builder-el-7  el_before_av_three_fifth  avia-builder-el-first  first flex_column_div av-zero-column-padding '   ><\/div>\n<style type=\"text\/css\" data-created_by=\"avia_inline_auto\" id=\"style-css-av-6szijw-b759d5f29ed0fb6f2d78705c3f392424\">\n.flex_column.av-6szijw-b759d5f29ed0fb6f2d78705c3f392424{\nborder-radius:0px 0px 0px 0px;\n-webkit-border-radius:0px 0px 0px 0px;\n-moz-border-radius:0px 0px 0px 0px;\n}\n<\/style>\n<div class='flex_column av-6szijw-b759d5f29ed0fb6f2d78705c3f392424 av_three_fifth  avia-builder-el-8  el_after_av_one_fifth  el_before_av_one_fifth  flex_column_div av-zero-column-padding '   ><p>\n<style type=\"text\/css\" data-created_by=\"avia_inline_auto\" id=\"style-css-av-5tg5gc-46e5842e18106f9de0f688b8b7c79471\">\n#top .av-special-heading.av-5tg5gc-46e5842e18106f9de0f688b8b7c79471{\npadding-bottom:30px;\n}\n.av-special-heading.av-5tg5gc-46e5842e18106f9de0f688b8b7c79471 .av-subheading{\nfont-size:15px;\n}\n<\/style>\n<div  class='av-special-heading av-5tg5gc-46e5842e18106f9de0f688b8b7c79471 av-special-heading-h1 blockquote modern-quote modern-centered  avia-builder-el-9  el_before_av_button  avia-builder-el-first  '><h1 class='av-special-heading-tag '  itemprop=\"headline\"  >Flyer herunterladen<\/h1><div class='av-subheading av-subheading_below '><p>Laden Sie sich unseren aktuellen Produktflyer herunter.<br \/>So haben Sie alle Informationen immer griffbereit.<\/p>\n<\/div><div class='special-heading-border'><div class='special-heading-inner-border'><\/div><\/div><\/div><br \/>\n<div  class='avia-button-wrap avia-button-center  avia-builder-el-10  el_after_av_heading  avia-builder-el-last ' ><a href='\/flyer\/' class='avia-button av-4q3tss-53624f8ce7324a1a8340230f6f89280a avia-icon_select-yes-left-icon avia-size-large avia-position-center avia-color-theme-color ' target=\"_blank\" rel=\"noopener noreferrer\"><span class='avia_button_icon avia_button_icon_left' aria-hidden='true' data-av_icon='\ue82d' data-av_iconfont='entypo-fontello'><\/span><span class='avia_iconbox_title' >Flyer herunterladen<\/span><\/a><\/div><\/p><\/div>\n<style type=\"text\/css\" data-created_by=\"avia_inline_auto\" id=\"style-css-av-1y5krg-8fc455b6255f5b8f483b6afd691804fb\">\n.flex_column.av-1y5krg-8fc455b6255f5b8f483b6afd691804fb{\nborder-radius:0px 0px 0px 0px;\n-webkit-border-radius:0px 0px 0px 0px;\n-moz-border-radius:0px 0px 0px 0px;\n}\n<\/style>\n<div class='flex_column av-1y5krg-8fc455b6255f5b8f483b6afd691804fb av_one_fifth  avia-builder-el-11  el_after_av_three_fifth  avia-builder-el-last  flex_column_div av-zero-column-padding '   ><\/div>\n<\/p>\n","protected":false},"excerpt":{"rendered":"","protected":false},"author":2,"featured_media":0,"parent":0,"menu_order":0,"comment_status":"open","ping_status":"open","template":"","meta":[],"yoast_head":"<!-- This site is optimized with the Yoast SEO plugin v19.7.1 - https:\/\/yoast.com\/wordpress\/plugins\/seo\/ -->\n<title>Alle Funktionen der BEM-Software &quot;BEM-ExpertenSystem&quot;<\/title>\n<meta name=\"description\" content=\"Informieren Sie sich \u00fcber die zahlreichen Funktionen der BEM-Software &quot;BEM-ExpertenSystem&quot; und \u00fcber die vielf\u00e4ltigen M\u00f6glichkeiten zur Individualisierung.\" \/>\n<meta name=\"robots\" content=\"index, follow, max-snippet:-1, max-image-preview:large, max-video-preview:-1\" \/>\n<link rel=\"canonical\" href=\"https:\/\/mybem.de\/bem-software\/funktionen\/\" \/>\n<meta property=\"og:locale\" content=\"de_DE\" \/>\n<meta property=\"og:type\" content=\"article\" \/>\n<meta property=\"og:title\" content=\"Alle Funktionen der BEM-Software &quot;BEM-ExpertenSystem&quot;\" \/>\n<meta property=\"og:description\" content=\"Informieren Sie sich \u00fcber die zahlreichen Funktionen der BEM-Software &quot;BEM-ExpertenSystem&quot; und \u00fcber die vielf\u00e4ltigen M\u00f6glichkeiten zur Individualisierung.\" \/>\n<meta property=\"og:url\" content=\"https:\/\/mybem.de\/bem-software\/funktionen\/\" \/>\n<meta property=\"og:site_name\" content=\"BEM-ExpertenSystem\" \/>\n<meta property=\"article:modified_time\" content=\"2020-05-05T07:48:52+00:00\" \/>\n<meta name=\"twitter:card\" content=\"summary\" \/>\n<meta name=\"twitter:label1\" content=\"Gesch\u00e4tzte Lesezeit\" \/>\n\t<meta name=\"twitter:data1\" content=\"6\u00a0Minuten\" \/>\n<script type=\"application\/ld+json\" class=\"yoast-schema-graph\">{\"@context\":\"https:\/\/schema.org\",\"@graph\":[{\"@type\":\"WebPage\",\"@id\":\"https:\/\/mybem.de\/bem-software\/funktionen\/\",\"url\":\"https:\/\/mybem.de\/bem-software\/funktionen\/\",\"name\":\"Alle Funktionen der BEM-Software \\\"BEM-ExpertenSystem\\\"\",\"isPartOf\":{\"@id\":\"https:\/\/mybem.de\/bem-software\/#website\"},\"datePublished\":\"2015-07-22T09:25:01+00:00\",\"dateModified\":\"2020-05-05T07:48:52+00:00\",\"description\":\"Informieren Sie sich \u00fcber die zahlreichen Funktionen der BEM-Software \\\"BEM-ExpertenSystem\\\" und \u00fcber die vielf\u00e4ltigen M\u00f6glichkeiten zur Individualisierung.\",\"breadcrumb\":{\"@id\":\"https:\/\/mybem.de\/bem-software\/funktionen\/#breadcrumb\"},\"inLanguage\":\"de\",\"potentialAction\":[{\"@type\":\"ReadAction\",\"target\":[\"https:\/\/mybem.de\/bem-software\/funktionen\/\"]}]},{\"@type\":\"BreadcrumbList\",\"@id\":\"https:\/\/mybem.de\/bem-software\/funktionen\/#breadcrumb\",\"itemListElement\":[{\"@type\":\"ListItem\",\"position\":1,\"name\":\"Home\",\"item\":\"https:\/\/mybem.de\/bem-software\/\"},{\"@type\":\"ListItem\",\"position\":2,\"name\":\"Funktionen\"}]},{\"@type\":\"WebSite\",\"@id\":\"https:\/\/mybem.de\/bem-software\/#website\",\"url\":\"https:\/\/mybem.de\/bem-software\/\",\"name\":\"BEM-ExpertenSystem\",\"description\":\"Die IT-L\u00f6sung f\u00fcr Ihr Betriebliches Eingliederungsmanagement\",\"potentialAction\":[{\"@type\":\"SearchAction\",\"target\":{\"@type\":\"EntryPoint\",\"urlTemplate\":\"https:\/\/mybem.de\/bem-software\/?s={search_term_string}\"},\"query-input\":\"required name=search_term_string\"}],\"inLanguage\":\"de\"}]}<\/script>\n<!-- \/ Yoast SEO plugin. -->","yoast_head_json":{"title":"Alle Funktionen der BEM-Software \"BEM-ExpertenSystem\"","description":"Informieren Sie sich \u00fcber die zahlreichen Funktionen der BEM-Software \"BEM-ExpertenSystem\" und \u00fcber die vielf\u00e4ltigen M\u00f6glichkeiten zur Individualisierung.","robots":{"index":"index","follow":"follow","max-snippet":"max-snippet:-1","max-image-preview":"max-image-preview:large","max-video-preview":"max-video-preview:-1"},"canonical":"https:\/\/mybem.de\/bem-software\/funktionen\/","og_locale":"de_DE","og_type":"article","og_title":"Alle Funktionen der BEM-Software \"BEM-ExpertenSystem\"","og_description":"Informieren Sie sich \u00fcber die zahlreichen Funktionen der BEM-Software \"BEM-ExpertenSystem\" und \u00fcber die vielf\u00e4ltigen M\u00f6glichkeiten zur Individualisierung.","og_url":"https:\/\/mybem.de\/bem-software\/funktionen\/","og_site_name":"BEM-ExpertenSystem","article_modified_time":"2020-05-05T07:48:52+00:00","twitter_card":"summary","twitter_misc":{"Gesch\u00e4tzte Lesezeit":"6\u00a0Minuten"},"schema":{"@context":"https:\/\/schema.org","@graph":[{"@type":"WebPage","@id":"https:\/\/mybem.de\/bem-software\/funktionen\/","url":"https:\/\/mybem.de\/bem-software\/funktionen\/","name":"Alle Funktionen der BEM-Software \"BEM-ExpertenSystem\"","isPartOf":{"@id":"https:\/\/mybem.de\/bem-software\/#website"},"datePublished":"2015-07-22T09:25:01+00:00","dateModified":"2020-05-05T07:48:52+00:00","description":"Informieren Sie sich \u00fcber die zahlreichen Funktionen der BEM-Software \"BEM-ExpertenSystem\" und \u00fcber die vielf\u00e4ltigen M\u00f6glichkeiten zur Individualisierung.","breadcrumb":{"@id":"https:\/\/mybem.de\/bem-software\/funktionen\/#breadcrumb"},"inLanguage":"de","potentialAction":[{"@type":"ReadAction","target":["https:\/\/mybem.de\/bem-software\/funktionen\/"]}]},{"@type":"BreadcrumbList","@id":"https:\/\/mybem.de\/bem-software\/funktionen\/#breadcrumb","itemListElement":[{"@type":"ListItem","position":1,"name":"Home","item":"https:\/\/mybem.de\/bem-software\/"},{"@type":"ListItem","position":2,"name":"Funktionen"}]},{"@type":"WebSite","@id":"https:\/\/mybem.de\/bem-software\/#website","url":"https:\/\/mybem.de\/bem-software\/","name":"BEM-ExpertenSystem","description":"Die IT-L\u00f6sung f\u00fcr Ihr Betriebliches Eingliederungsmanagement","potentialAction":[{"@type":"SearchAction","target":{"@type":"EntryPoint","urlTemplate":"https:\/\/mybem.de\/bem-software\/?s={search_term_string}"},"query-input":"required name=search_term_string"}],"inLanguage":"de"}]}},"_links":{"self":[{"href":"https:\/\/mybem.de\/bem-software\/wp-json\/wp\/v2\/pages\/3308"}],"collection":[{"href":"https:\/\/mybem.de\/bem-software\/wp-json\/wp\/v2\/pages"}],"about":[{"href":"https:\/\/mybem.de\/bem-software\/wp-json\/wp\/v2\/types\/page"}],"author":[{"embeddable":true,"href":"https:\/\/mybem.de\/bem-software\/wp-json\/wp\/v2\/users\/2"}],"replies":[{"embeddable":true,"href":"https:\/\/mybem.de\/bem-software\/wp-json\/wp\/v2\/comments?post=3308"}],"version-history":[{"count":150,"href":"https:\/\/mybem.de\/bem-software\/wp-json\/wp\/v2\/pages\/3308\/revisions"}],"predecessor-version":[{"id":5423,"href":"https:\/\/mybem.de\/bem-software\/wp-json\/wp\/v2\/pages\/3308\/revisions\/5423"}],"wp:attachment":[{"href":"https:\/\/mybem.de\/bem-software\/wp-json\/wp\/v2\/media?parent=3308"}],"curies":[{"name":"wp","href":"https:\/\/api.w.org\/{rel}","templated":true}]}}